{"id":765,"date":"2025-10-15T10:29:39","date_gmt":"2025-10-15T10:29:39","guid":{"rendered":"https:\/\/dev.mercadoonline.co.mz\/?page_id=765"},"modified":"2025-10-23T12:33:09","modified_gmt":"2025-10-23T12:33:09","slug":"instrumentos-de-planificacao","status":"publish","type":"page","link":"https:\/\/dev.mercadoonline.co.mz\/index.php\/instrumentos-de-planificacao\/","title":{"rendered":"Instrumentos de Planifica\u00e7\u00e3o"},"content":{"rendered":"\t\t<div data-elementor-type=\"wp-page\" data-elementor-id=\"765\" class=\"elementor elementor-765\">\n\t\t\t\t\t\t<section class=\"elementor-section elementor-top-section elementor-element elementor-element-4c2ed6f3 elementor-section-full_width elementor-section-content-middle elementor-section-height-default elementor-section-height-default wpr-particle-no wpr-jarallax-no wpr-parallax-no wpr-sticky-section-no\" data-id=\"4c2ed6f3\" data-element_type=\"section\" data-settings=\"{&quot;background_background&quot;:&quot;classic&quot;}\">\n\t\t\t\t\t\t\t<div class=\"elementor-background-overlay\"><\/div>\n\t\t\t\t\t\t\t<div class=\"elementor-container elementor-column-gap-no\">\n\t\t\t\t\t<div class=\"elementor-column elementor-col-100 elementor-top-column elementor-element elementor-element-5998d5f0\" data-id=\"5998d5f0\" data-element_type=\"column\">\n\t\t\t<div class=\"elementor-widget-wrap elementor-element-populated\">\n\t\t\t\t\t\t<section class=\"elementor-section elementor-inner-section elementor-element elementor-element-686ef21b elementor-section-content-middle elementor-section-boxed elementor-section-height-default elementor-section-height-default wpr-particle-no wpr-jarallax-no wpr-parallax-no wpr-sticky-section-no\" data-id=\"686ef21b\" data-element_type=\"section\">\n\t\t\t\t\t\t<div class=\"elementor-container elementor-column-gap-default\">\n\t\t\t\t\t<div class=\"elementor-column elementor-col-100 elementor-inner-column elementor-element elementor-element-5288c323\" data-id=\"5288c323\" data-element_type=\"column\">\n\t\t\t<div class=\"elementor-widget-wrap elementor-element-populated\">\n\t\t\t\t\t\t<div class=\"elementor-element elementor-element-2e24b9cb animated-slow elementor-invisible elementor-widget elementor-widget-heading\" data-id=\"2e24b9cb\" data-element_type=\"widget\" data-settings=\"{&quot;_animation&quot;:&quot;zoomIn&quot;}\" data-widget_type=\"heading.default\">\n\t\t\t\t<div class=\"elementor-widget-container\">\n\t\t\t\t\t<h2 class=\"elementor-heading-title elementor-size-default\">Instrumentos de Planifica\u00e7\u00e3o<\/h2>\t\t\t\t<\/div>\n\t\t\t\t<\/div>\n\t\t\t\t<div class=\"elementor-element elementor-element-dbc5dfd elementor-icon-list--layout-inline elementor-align-center animated-slow elementor-list-item-link-full_width elementor-invisible elementor-widget elementor-widget-icon-list\" data-id=\"dbc5dfd\" data-element_type=\"widget\" data-settings=\"{&quot;_animation&quot;:&quot;fadeInRight&quot;}\" data-widget_type=\"icon-list.default\">\n\t\t\t\t<div class=\"elementor-widget-container\">\n\t\t\t\t\t\t\t<ul class=\"elementor-icon-list-items elementor-inline-items\">\n\t\t\t\t\t\t\t<li class=\"elementor-icon-list-item elementor-inline-item\">\n\t\t\t\t\t\t\t\t\t\t\t<a href=\"#\">\n\n\t\t\t\t\t\t\t\t\t\t\t<span class=\"elementor-icon-list-text\">iNICIO<\/span>\n\t\t\t\t\t\t\t\t\t\t\t<\/a>\n\t\t\t\t\t\t\t\t\t<\/li>\n\t\t\t\t\t\t\t\t<li class=\"elementor-icon-list-item elementor-inline-item\">\n\t\t\t\t\t\t\t\t\t\t\t<a href=\"#\">\n\n\t\t\t\t\t\t\t\t\t\t\t\t<span class=\"elementor-icon-list-icon\">\n\t\t\t\t\t\t\t<i aria-hidden=\"true\" class=\"fas fa-circle\"><\/i>\t\t\t\t\t\t<\/span>\n\t\t\t\t\t\t\t\t\t\t<span class=\"elementor-icon-list-text\">Instrumentos de Planifica\u00e7\u00e3o<\/span>\n\t\t\t\t\t\t\t\t\t\t\t<\/a>\n\t\t\t\t\t\t\t\t\t<\/li>\n\t\t\t\t\t\t<\/ul>\n\t\t\t\t\t\t<\/div>\n\t\t\t\t<\/div>\n\t\t\t\t\t<\/div>\n\t\t<\/div>\n\t\t\t\t\t<\/div>\n\t\t<\/section>\n\t\t\t\t\t<\/div>\n\t\t<\/div>\n\t\t\t\t\t<\/div>\n\t\t<\/section>\n\t\t\t\t<section class=\"elementor-section elementor-top-section elementor-element elementor-element-699e6b59 elementor-section-full_width elementor-section-height-default elementor-section-height-default wpr-particle-no wpr-jarallax-no wpr-parallax-no wpr-sticky-section-no\" data-id=\"699e6b59\" data-element_type=\"section\">\n\t\t\t\t\t\t<div class=\"elementor-container elementor-column-gap-default\">\n\t\t\t\t\t<div class=\"elementor-column elementor-col-100 elementor-top-column elementor-element elementor-element-12c07e16\" data-id=\"12c07e16\" data-element_type=\"column\">\n\t\t\t<div class=\"elementor-widget-wrap elementor-element-populated\">\n\t\t\t\t\t\t<section class=\"elementor-section elementor-inner-section elementor-element elementor-element-5ce107de elementor-section-boxed elementor-section-height-default elementor-section-height-default wpr-particle-no wpr-jarallax-no wpr-parallax-no wpr-sticky-section-no elementor-invisible\" data-id=\"5ce107de\" data-element_type=\"section\" data-settings=\"{&quot;animation&quot;:&quot;fadeIn&quot;}\">\n\t\t\t\t\t\t<div class=\"elementor-container elementor-column-gap-default\">\n\t\t\t\t\t<div class=\"elementor-column elementor-col-50 elementor-inner-column elementor-element elementor-element-9e6b635 animated-slow\" data-id=\"9e6b635\" data-element_type=\"column\" data-settings=\"{&quot;animation&quot;:&quot;none&quot;}\">\n\t\t\t<div class=\"elementor-widget-wrap elementor-element-populated\">\n\t\t\t\t\t\t<div class=\"elementor-element elementor-element-20771bcf elementor-widget elementor-widget-heading\" data-id=\"20771bcf\" data-element_type=\"widget\" data-widget_type=\"heading.default\">\n\t\t\t\t<div class=\"elementor-widget-container\">\n\t\t\t\t\t<h2 class=\"elementor-heading-title elementor-size-default\"><a href=\"https:\/\/dev.mercadoonline.co.mz\/wp-content\/uploads\/2025\/10\/MANUAL-DE-PROCEDIMENTOS-FINAL-1.pdf\" download=\"\">FUNDO DE DESENVOLVIMENTO  \nECON\u00d3MICO LOCAL (FDEL)<\/a><\/h2>\t\t\t\t<\/div>\n\t\t\t\t<\/div>\n\t\t\t\t<div class=\"elementor-element elementor-element-1552d382 elementor-widget elementor-widget-button\" data-id=\"1552d382\" data-element_type=\"widget\" data-widget_type=\"button.default\">\n\t\t\t\t<div class=\"elementor-widget-container\">\n\t\t\t\t\t\t\t\t\t<div class=\"elementor-button-wrapper\">\n\t\t\t\t\t<a class=\"elementor-button elementor-button-link elementor-size-sm\" href=\"https:\/\/dev.mercadoonline.co.mz\/wp-content\/uploads\/2025\/10\/MANUAL-DE-PROCEDIMENTOS-FINAL-1.pdf\" download=\"\">\n\t\t\t\t\t\t<span class=\"elementor-button-content-wrapper\">\n\t\t\t\t\t\t\t\t\t<span class=\"elementor-button-text\">Baixar<\/span>\n\t\t\t\t\t<\/span>\n\t\t\t\t\t<\/a>\n\t\t\t\t<\/div>\n\t\t\t\t\t\t\t\t<\/div>\n\t\t\t\t<\/div>\n\t\t\t\t\t<\/div>\n\t\t<\/div>\n\t\t\t\t<div class=\"elementor-column elementor-col-50 elementor-inner-column elementor-element elementor-element-31b0210 animated-slow\" data-id=\"31b0210\" data-element_type=\"column\" data-settings=\"{&quot;animation&quot;:&quot;none&quot;}\">\n\t\t\t<div class=\"elementor-widget-wrap\">\n\t\t\t\t\t\t\t<\/div>\n\t\t<\/div>\n\t\t\t\t\t<\/div>\n\t\t<\/section>\n\t\t\t\t\t<\/div>\n\t\t<\/div>\n\t\t\t\t\t<\/div>\n\t\t<\/section>\n\t\t\t\t<section class=\"elementor-section elementor-top-section elementor-element elementor-element-4e5e2215 elementor-section-full_width elementor-section-height-default elementor-section-height-default wpr-particle-no wpr-jarallax-no wpr-parallax-no wpr-sticky-section-no\" data-id=\"4e5e2215\" data-element_type=\"section\">\n\t\t\t\t\t\t<div class=\"elementor-container elementor-column-gap-default\">\n\t\t\t\t\t<div class=\"elementor-column elementor-col-100 elementor-top-column elementor-element elementor-element-858541c\" data-id=\"858541c\" data-element_type=\"column\">\n\t\t\t<div class=\"elementor-widget-wrap elementor-element-populated\">\n\t\t\t\t\t\t<section class=\"elementor-section elementor-inner-section elementor-element elementor-element-106bbf2b elementor-section-boxed elementor-section-height-default elementor-section-height-default wpr-particle-no wpr-jarallax-no wpr-parallax-no wpr-sticky-section-no\" data-id=\"106bbf2b\" data-element_type=\"section\">\n\t\t\t\t\t\t<div class=\"elementor-container elementor-column-gap-default\">\n\t\t\t\t\t<div class=\"elementor-column elementor-col-100 elementor-inner-column elementor-element elementor-element-b1819b3\" data-id=\"b1819b3\" data-element_type=\"column\">\n\t\t\t<div class=\"elementor-widget-wrap elementor-element-populated\">\n\t\t\t\t\t\t<div class=\"elementor-element elementor-element-36cde7db animated-slow elementor-invisible elementor-widget elementor-widget-heading\" data-id=\"36cde7db\" data-element_type=\"widget\" data-settings=\"{&quot;_animation&quot;:&quot;fadeInRight&quot;}\" data-widget_type=\"heading.default\">\n\t\t\t\t<div class=\"elementor-widget-container\">\n\t\t\t\t\t<h2 class=\"elementor-heading-title elementor-size-default\">Sugest\u00f5es e Reclama\u00e7\u00f5es<\/h2>\t\t\t\t<\/div>\n\t\t\t\t<\/div>\n\t\t\t\t\t<\/div>\n\t\t<\/div>\n\t\t\t\t\t<\/div>\n\t\t<\/section>\n\t\t\t\t<section class=\"elementor-section elementor-inner-section elementor-element elementor-element-22120e95 elementor-section-boxed elementor-section-height-default elementor-section-height-default wpr-particle-no wpr-jarallax-no wpr-parallax-no wpr-sticky-section-no\" data-id=\"22120e95\" data-element_type=\"section\">\n\t\t\t\t\t\t<div class=\"elementor-container elementor-column-gap-default\">\n\t\t\t\t\t<div class=\"elementor-column elementor-col-100 elementor-inner-column elementor-element elementor-element-5bcae78b animated-slow elementor-invisible\" data-id=\"5bcae78b\" data-element_type=\"column\" data-settings=\"{&quot;animation&quot;:&quot;fadeInUp&quot;}\">\n\t\t\t<div class=\"elementor-widget-wrap elementor-element-populated\">\n\t\t\t\t\t\t<div class=\"elementor-element elementor-element-8891a17 eael-fluentform-form-button-center eael-fluentform-form-button-custom elementor-widget elementor-widget-eael-fluentform\" data-id=\"8891a17\" data-element_type=\"widget\" data-widget_type=\"eael-fluentform.default\">\n\t\t\t\t<div class=\"elementor-widget-container\">\n\t\t\t\t\t        <div class=\"eael-contact-form eael-fluent-form-wrapper clearfix fluent-form-labels-hide eael-contact-form-align-default\">\n\n            \n            <div class='fluentform ff-default fluentform_wrapper_3 ffs_default_wrap'><form data-form_id=\"3\" id=\"fluentform_3\" class=\"frm-fluent-form fluent_form_3 ff-el-form-top ff_form_instance_3_1 ff-form-loading ffs_default\" data-form_instance=\"ff_form_instance_3_1\" method=\"POST\" ><fieldset  style=\"border: none!important;margin: 0!important;padding: 0!important;background-color: transparent!important;box-shadow: none!important;outline: none!important; min-inline-size: 100%;\">\n                    <legend class=\"ff_screen_reader_title\" style=\"display: block; margin: 0!important;padding: 0!important;height: 0!important;text-indent: -999999px;width: 0!important;overflow:hidden;\">Contact Form Demo<\/legend><input type='hidden' name='__fluent_form_embded_post_id' value='765' \/><input type=\"hidden\" id=\"_fluentform_3_fluentformnonce\" name=\"_fluentform_3_fluentformnonce\" value=\"6760da932b\" \/><input type=\"hidden\" name=\"_wp_http_referer\" value=\"\/index.php\/wp-json\/wp\/v2\/pages\/765\" \/><div data-type=\"name-element\" data-name=\"names\" class=\" ff-field_container ff-name-field-wrapper\" ><div class='ff-t-container'><div class='ff-t-cell '><div class='ff-el-group'><div class=\"ff-el-input--label asterisk-right\"><label for='ff_3_names_first_name_' >Nome<\/label><\/div><div class='ff-el-input--content'><input type=\"text\" name=\"names[first_name]\" id=\"ff_3_names_first_name_\" class=\"ff-el-form-control\" placeholder=\"Escreva seu nome\" aria-invalid=\"false\" aria-required=false><\/div><\/div><\/div><\/div><\/div><div class='ff-el-group'><div class=\"ff-el-input--label ff-el-is-required asterisk-right\"><label for='ff_3_email' aria-label=\"Email\">Email<\/label><\/div><div class='ff-el-input--content'><input type=\"email\" name=\"email\" id=\"ff_3_email\" class=\"ff-el-form-control\" placeholder=\"aaaaaaaa@aaaa.co.mz\" data-name=\"email\"  aria-invalid=\"false\" aria-required=true><\/div><\/div><div class='ff-el-group'><div class=\"ff-el-input--label asterisk-right\"><label for='ff_3_multi_select' aria-label=\"Assunto\">Assunto<\/label><\/div><div class='ff-el-input--content'><select name=\"multi_select[]\" id=\"ff_3_multi_select\" class=\"ff-el-form-control  ff_has_multi_select\" multiple=\"1\" data-name=\"multi_select\" data-calc_value=\"0\"  aria-invalid=\"false\" aria-required=false><option value=\"Sugest\u00f5es \"  >Sugest\u00f5es<\/option><option value=\"Reclama\u00e7\u00f5es\"  >Reclama\u00e7\u00f5es<\/option><\/select><\/div><\/div><div class='ff-el-group'><div class=\"ff-el-input--label ff-el-is-required asterisk-right\"><label for='ff_3_message' aria-label=\"Mensagem\">Mensagem<\/label><\/div><div class='ff-el-input--content'><textarea aria-invalid=\"false\" aria-required=true name=\"message\" id=\"ff_3_message\" class=\"ff-el-form-control\" placeholder=\"Sua mensagem\" rows=\"7\" cols=\"2\" data-name=\"message\" ><\/textarea><\/div><\/div><div class='ff-el-group ff-text-left ff_submit_btn_wrapper'><button type=\"submit\" class=\"ff-btn ff-btn-submit ff-btn-md ff_btn_style\" >Enviar<\/button><\/div><\/fieldset><\/form><div id='fluentform_3_errors' class='ff-errors-in-stack ff_form_instance_3_1 ff-form-loading_errors ff_form_instance_3_1_errors'><\/div><\/div>            <script type=\"text\/javascript\">\n                window.fluent_form_ff_form_instance_3_1 = {\"id\":\"3\",\"settings\":{\"layout\":{\"labelPlacement\":\"top\",\"helpMessagePlacement\":\"with_label\",\"errorMessagePlacement\":\"inline\",\"cssClassName\":\"\",\"asteriskPlacement\":\"asterisk-right\"},\"restrictions\":{\"denyEmptySubmission\":{\"enabled\":false}}},\"form_instance\":\"ff_form_instance_3_1\",\"form_id_selector\":\"fluentform_3\",\"rules\":{\"names[first_name]\":{\"required\":{\"value\":false,\"message\":\"This field is required\",\"global\":false,\"global_message\":\"Este campo \\u00e9 obrigat\\u00f3rio\"}},\"names[middle_name]\":{\"required\":{\"value\":false,\"message\":\"This field is required\",\"global\":false,\"global_message\":\"Este campo \\u00e9 obrigat\\u00f3rio\"}},\"names[last_name]\":{\"required\":{\"value\":false,\"message\":\"This field is required\",\"global\":false,\"global_message\":\"Este campo \\u00e9 obrigat\\u00f3rio\"}},\"email\":{\"required\":{\"value\":true,\"message\":\"This field is required\",\"global\":false,\"global_message\":\"Este campo \\u00e9 obrigat\\u00f3rio\"},\"email\":{\"value\":true,\"message\":\"This field must contain a valid email\",\"global\":false,\"global_message\":\"Este campo deve conter um e-mail v\\u00e1lido\"}},\"multi_select\":{\"required\":{\"value\":false,\"message\":\"Este campo \\u00e9 obrigat\\u00f3rio\",\"global_message\":\"Este campo \\u00e9 obrigat\\u00f3rio\",\"global\":true}},\"message\":{\"required\":{\"value\":true,\"message\":\"This field is required\",\"global\":false,\"global_message\":\"Este campo \\u00e9 obrigat\\u00f3rio\"}}},\"debounce_time\":300};\n                            <\/script>\n                    <\/div>\n\n        \t\t\t\t<\/div>\n\t\t\t\t<\/div>\n\t\t\t\t\t<\/div>\n\t\t<\/div>\n\t\t\t\t\t<\/div>\n\t\t<\/section>\n\t\t\t\t\t<\/div>\n\t\t<\/div>\n\t\t\t\t\t<\/div>\n\t\t<\/section>\n\t\t\t\t<section class=\"elementor-section elementor-top-section elementor-element elementor-element-5d1ab075 elementor-section-full_width elementor-section-height-default elementor-section-height-default wpr-particle-no wpr-jarallax-no wpr-parallax-no wpr-sticky-section-no\" data-id=\"5d1ab075\" data-element_type=\"section\">\n\t\t\t\t\t\t<div class=\"elementor-container elementor-column-gap-no\">\n\t\t\t\t\t<div class=\"elementor-column elementor-col-100 elementor-top-column elementor-element elementor-element-441e123c\" data-id=\"441e123c\" data-element_type=\"column\">\n\t\t\t<div class=\"elementor-widget-wrap elementor-element-populated\">\n\t\t\t\t\t\t<section class=\"elementor-section elementor-inner-section elementor-element elementor-element-12d3d8e5 elementor-section-full_width elementor-section-height-default elementor-section-height-default wpr-particle-no wpr-jarallax-no wpr-parallax-no wpr-sticky-section-no\" data-id=\"12d3d8e5\" data-element_type=\"section\">\n\t\t\t\t\t\t<div class=\"elementor-container elementor-column-gap-no\">\n\t\t\t\t\t<div class=\"elementor-column elementor-col-100 elementor-inner-column elementor-element elementor-element-4f0d55cd\" data-id=\"4f0d55cd\" data-element_type=\"column\">\n\t\t\t<div class=\"elementor-widget-wrap elementor-element-populated\">\n\t\t\t\t\t\t<div class=\"elementor-element elementor-element-6aacb351 animated-slow elementor-invisible elementor-widget elementor-widget-google_maps\" data-id=\"6aacb351\" data-element_type=\"widget\" data-settings=\"{&quot;_animation&quot;:&quot;zoomIn&quot;}\" data-widget_type=\"google_maps.default\">\n\t\t\t\t<div class=\"elementor-widget-container\">\n\t\t\t\t\t\t\t<div class=\"elementor-custom-embed\">\n\t\t\t<iframe loading=\"lazy\"\n\t\t\t\t\tsrc=\"https:\/\/maps.google.com\/maps?q=15%C2%BA%20Andar%2C%20449%20Av.%20Julius%20Nyerere%2C%20Maputo&#038;t=m&#038;z=12&#038;output=embed&#038;iwloc=near\"\n\t\t\t\t\ttitle=\"15\u00ba Andar, 449 Av. Julius Nyerere, Maputo\"\n\t\t\t\t\taria-label=\"15\u00ba Andar, 449 Av. Julius Nyerere, Maputo\"\n\t\t\t><\/iframe>\n\t\t<\/div>\n\t\t\t\t\t\t<\/div>\n\t\t\t\t<\/div>\n\t\t\t\t\t<\/div>\n\t\t<\/div>\n\t\t\t\t\t<\/div>\n\t\t<\/section>\n\t\t\t\t\t<\/div>\n\t\t<\/div>\n\t\t\t\t\t<\/div>\n\t\t<\/section>\n\t\t\t\t<\/div>\n\t\t","protected":false},"excerpt":{"rendered":"<p>Instrumentos de Planifica\u00e7\u00e3o iNICIO Instrumentos de Planifica\u00e7\u00e3o FUNDO DE DESENVOLVIMENTO ECON\u00d3MICO LOCAL (FDEL) Baixar Sugest\u00f5es e Reclama\u00e7\u00f5es Contact Form Demo NomeEmailAssuntoSugest\u00f5esReclama\u00e7\u00f5esMensagemEnviar<\/p>\n","protected":false},"author":1,"featured_media":0,"parent":0,"menu_order":0,"comment_status":"closed","ping_status":"closed","template":"elementor_header_footer","meta":{"footnotes":""},"class_list":["post-765","page","type-page","status-publish","hentry"],"yoast_head":"<!-- This site is optimized with the Yoast SEO plugin v26.1.1 - https:\/\/yoast.com\/wordpress\/plugins\/seo\/ -->\n<title>Instrumentos de Planifica\u00e7\u00e3o - Minist\u00e9rio da Planifica\u00e7\u00e3o e Desenvolvimento<\/title>\n<meta name=\"robots\" content=\"index, follow, max-snippet:-1, max-image-preview:large, max-video-preview:-1\" \/>\n<link rel=\"canonical\" href=\"https:\/\/dev.mercadoonline.co.mz\/index.php\/instrumentos-de-planificacao\/\" \/>\n<meta property=\"og:locale\" content=\"pt_BR\" \/>\n<meta property=\"og:type\" content=\"article\" \/>\n<meta property=\"og:title\" content=\"Instrumentos de Planifica\u00e7\u00e3o - Minist\u00e9rio da Planifica\u00e7\u00e3o e Desenvolvimento\" \/>\n<meta property=\"og:description\" content=\"Instrumentos de Planifica\u00e7\u00e3o iNICIO Instrumentos de Planifica\u00e7\u00e3o FUNDO DE DESENVOLVIMENTO ECON\u00d3MICO LOCAL (FDEL) Baixar Sugest\u00f5es e Reclama\u00e7\u00f5es Contact Form Demo NomeEmailAssuntoSugest\u00f5esReclama\u00e7\u00f5esMensagemEnviar\" \/>\n<meta property=\"og:url\" content=\"https:\/\/dev.mercadoonline.co.mz\/index.php\/instrumentos-de-planificacao\/\" \/>\n<meta property=\"og:site_name\" content=\"Minist\u00e9rio da Planifica\u00e7\u00e3o e Desenvolvimento\" \/>\n<meta property=\"article:modified_time\" content=\"2025-10-23T12:33:09+00:00\" \/>\n<meta name=\"twitter:card\" content=\"summary_large_image\" \/>\n<meta name=\"twitter:label1\" content=\"Est. tempo de leitura\" \/>\n\t<meta name=\"twitter:data1\" content=\"1 minuto\" \/>\n<script type=\"application\/ld+json\" class=\"yoast-schema-graph\">{\"@context\":\"https:\/\/schema.org\",\"@graph\":[{\"@type\":\"WebPage\",\"@id\":\"https:\/\/dev.mercadoonline.co.mz\/index.php\/instrumentos-de-planificacao\/\",\"url\":\"https:\/\/dev.mercadoonline.co.mz\/index.php\/instrumentos-de-planificacao\/\",\"name\":\"Instrumentos de Planifica\u00e7\u00e3o - Minist\u00e9rio da Planifica\u00e7\u00e3o e Desenvolvimento\",\"isPartOf\":{\"@id\":\"https:\/\/dev.mercadoonline.co.mz\/#website\"},\"datePublished\":\"2025-10-15T10:29:39+00:00\",\"dateModified\":\"2025-10-23T12:33:09+00:00\",\"breadcrumb\":{\"@id\":\"https:\/\/dev.mercadoonline.co.mz\/index.php\/instrumentos-de-planificacao\/#breadcrumb\"},\"inLanguage\":\"pt-BR\",\"potentialAction\":[{\"@type\":\"ReadAction\",\"target\":[\"https:\/\/dev.mercadoonline.co.mz\/index.php\/instrumentos-de-planificacao\/\"]}]},{\"@type\":\"BreadcrumbList\",\"@id\":\"https:\/\/dev.mercadoonline.co.mz\/index.php\/instrumentos-de-planificacao\/#breadcrumb\",\"itemListElement\":[{\"@type\":\"ListItem\",\"position\":1,\"name\":\"In\u00edcio\",\"item\":\"https:\/\/dev.mercadoonline.co.mz\/\"},{\"@type\":\"ListItem\",\"position\":2,\"name\":\"Instrumentos de Planifica\u00e7\u00e3o\"}]},{\"@type\":\"WebSite\",\"@id\":\"https:\/\/dev.mercadoonline.co.mz\/#website\",\"url\":\"https:\/\/dev.mercadoonline.co.mz\/\",\"name\":\"Minist\u00e9rio da Planifica\u00e7\u00e3o e Desenvolvimento\",\"description\":\"\",\"publisher\":{\"@id\":\"https:\/\/dev.mercadoonline.co.mz\/#organization\"},\"potentialAction\":[{\"@type\":\"SearchAction\",\"target\":{\"@type\":\"EntryPoint\",\"urlTemplate\":\"https:\/\/dev.mercadoonline.co.mz\/?s={search_term_string}\"},\"query-input\":{\"@type\":\"PropertyValueSpecification\",\"valueRequired\":true,\"valueName\":\"search_term_string\"}}],\"inLanguage\":\"pt-BR\"},{\"@type\":\"Organization\",\"@id\":\"https:\/\/dev.mercadoonline.co.mz\/#organization\",\"name\":\"Minist\u00e9rio da Planifica\u00e7\u00e3o e Desenvolvimento\",\"url\":\"https:\/\/dev.mercadoonline.co.mz\/\",\"logo\":{\"@type\":\"ImageObject\",\"inLanguage\":\"pt-BR\",\"@id\":\"https:\/\/dev.mercadoonline.co.mz\/#\/schema\/logo\/image\/\",\"url\":\"https:\/\/dev.mercadoonline.co.mz\/wp-content\/uploads\/2025\/10\/Emblem_of_Mozambique.svg.png\",\"contentUrl\":\"https:\/\/dev.mercadoonline.co.mz\/wp-content\/uploads\/2025\/10\/Emblem_of_Mozambique.svg.png\",\"width\":1897,\"height\":2049,\"caption\":\"Minist\u00e9rio da Planifica\u00e7\u00e3o e Desenvolvimento\"},\"image\":{\"@id\":\"https:\/\/dev.mercadoonline.co.mz\/#\/schema\/logo\/image\/\"}}]}<\/script>\n<!-- \/ Yoast SEO plugin. -->","yoast_head_json":{"title":"Instrumentos de Planifica\u00e7\u00e3o - Minist\u00e9rio da Planifica\u00e7\u00e3o e Desenvolvimento","robots":{"index":"index","follow":"follow","max-snippet":"max-snippet:-1","max-image-preview":"max-image-preview:large","max-video-preview":"max-video-preview:-1"},"canonical":"https:\/\/dev.mercadoonline.co.mz\/index.php\/instrumentos-de-planificacao\/","og_locale":"pt_BR","og_type":"article","og_title":"Instrumentos de Planifica\u00e7\u00e3o - Minist\u00e9rio da Planifica\u00e7\u00e3o e Desenvolvimento","og_description":"Instrumentos de Planifica\u00e7\u00e3o iNICIO Instrumentos de Planifica\u00e7\u00e3o FUNDO DE DESENVOLVIMENTO ECON\u00d3MICO LOCAL (FDEL) Baixar Sugest\u00f5es e Reclama\u00e7\u00f5es Contact Form Demo NomeEmailAssuntoSugest\u00f5esReclama\u00e7\u00f5esMensagemEnviar","og_url":"https:\/\/dev.mercadoonline.co.mz\/index.php\/instrumentos-de-planificacao\/","og_site_name":"Minist\u00e9rio da Planifica\u00e7\u00e3o e Desenvolvimento","article_modified_time":"2025-10-23T12:33:09+00:00","twitter_card":"summary_large_image","twitter_misc":{"Est. tempo de leitura":"1 minuto"},"schema":{"@context":"https:\/\/schema.org","@graph":[{"@type":"WebPage","@id":"https:\/\/dev.mercadoonline.co.mz\/index.php\/instrumentos-de-planificacao\/","url":"https:\/\/dev.mercadoonline.co.mz\/index.php\/instrumentos-de-planificacao\/","name":"Instrumentos de Planifica\u00e7\u00e3o - Minist\u00e9rio da Planifica\u00e7\u00e3o e Desenvolvimento","isPartOf":{"@id":"https:\/\/dev.mercadoonline.co.mz\/#website"},"datePublished":"2025-10-15T10:29:39+00:00","dateModified":"2025-10-23T12:33:09+00:00","breadcrumb":{"@id":"https:\/\/dev.mercadoonline.co.mz\/index.php\/instrumentos-de-planificacao\/#breadcrumb"},"inLanguage":"pt-BR","potentialAction":[{"@type":"ReadAction","target":["https:\/\/dev.mercadoonline.co.mz\/index.php\/instrumentos-de-planificacao\/"]}]},{"@type":"BreadcrumbList","@id":"https:\/\/dev.mercadoonline.co.mz\/index.php\/instrumentos-de-planificacao\/#breadcrumb","itemListElement":[{"@type":"ListItem","position":1,"name":"In\u00edcio","item":"https:\/\/dev.mercadoonline.co.mz\/"},{"@type":"ListItem","position":2,"name":"Instrumentos de Planifica\u00e7\u00e3o"}]},{"@type":"WebSite","@id":"https:\/\/dev.mercadoonline.co.mz\/#website","url":"https:\/\/dev.mercadoonline.co.mz\/","name":"Minist\u00e9rio da Planifica\u00e7\u00e3o e Desenvolvimento","description":"","publisher":{"@id":"https:\/\/dev.mercadoonline.co.mz\/#organization"},"potentialAction":[{"@type":"SearchAction","target":{"@type":"EntryPoint","urlTemplate":"https:\/\/dev.mercadoonline.co.mz\/?s={search_term_string}"},"query-input":{"@type":"PropertyValueSpecification","valueRequired":true,"valueName":"search_term_string"}}],"inLanguage":"pt-BR"},{"@type":"Organization","@id":"https:\/\/dev.mercadoonline.co.mz\/#organization","name":"Minist\u00e9rio da Planifica\u00e7\u00e3o e Desenvolvimento","url":"https:\/\/dev.mercadoonline.co.mz\/","logo":{"@type":"ImageObject","inLanguage":"pt-BR","@id":"https:\/\/dev.mercadoonline.co.mz\/#\/schema\/logo\/image\/","url":"https:\/\/dev.mercadoonline.co.mz\/wp-content\/uploads\/2025\/10\/Emblem_of_Mozambique.svg.png","contentUrl":"https:\/\/dev.mercadoonline.co.mz\/wp-content\/uploads\/2025\/10\/Emblem_of_Mozambique.svg.png","width":1897,"height":2049,"caption":"Minist\u00e9rio da Planifica\u00e7\u00e3o e Desenvolvimento"},"image":{"@id":"https:\/\/dev.mercadoonline.co.mz\/#\/schema\/logo\/image\/"}}]}},"_links":{"self":[{"href":"https:\/\/dev.mercadoonline.co.mz\/index.php\/wp-json\/wp\/v2\/pages\/765","targetHints":{"allow":["GET"]}}],"collection":[{"href":"https:\/\/dev.mercadoonline.co.mz\/index.php\/wp-json\/wp\/v2\/pages"}],"about":[{"href":"https:\/\/dev.mercadoonline.co.mz\/index.php\/wp-json\/wp\/v2\/types\/page"}],"author":[{"embeddable":true,"href":"https:\/\/dev.mercadoonline.co.mz\/index.php\/wp-json\/wp\/v2\/users\/1"}],"replies":[{"embeddable":true,"href":"https:\/\/dev.mercadoonline.co.mz\/index.php\/wp-json\/wp\/v2\/comments?post=765"}],"version-history":[{"count":10,"href":"https:\/\/dev.mercadoonline.co.mz\/index.php\/wp-json\/wp\/v2\/pages\/765\/revisions"}],"predecessor-version":[{"id":986,"href":"https:\/\/dev.mercadoonline.co.mz\/index.php\/wp-json\/wp\/v2\/pages\/765\/revisions\/986"}],"wp:attachment":[{"href":"https:\/\/dev.mercadoonline.co.mz\/index.php\/wp-json\/wp\/v2\/media?parent=765"}],"curies":[{"name":"wp","href":"https:\/\/api.w.org\/{rel}","templated":true}]}}